{"id":71,"date":"2020-08-07T16:52:57","date_gmt":"2020-08-07T14:52:57","guid":{"rendered":"http:\/\/fichierdesfideles.fr\/?page_id=71"},"modified":"2020-11-02T17:54:50","modified_gmt":"2020-11-02T16:54:50","slug":"une-application-gratuite","status":"publish","type":"page","link":"https:\/\/fichierdesfideles.fr\/index.php\/une-application-gratuite\/","title":{"rendered":"Une application gratuite"},"content":{"rendered":"\t\t<div data-elementor-type=\"wp-page\" data-elementor-id=\"71\" class=\"elementor elementor-71\">\n\t\t\t\t\t\t<div class=\"elementor-inner\">\n\t\t\t\t<div class=\"elementor-section-wrap\">\n\t\t\t\t\t\t\t\t\t<section class=\"elementor-section elementor-top-section elementor-element elementor-element-a51a6cf elementor-section-boxed elementor-section-height-default elementor-section-height-default\" data-id=\"a51a6cf\" data-element_type=\"section\">\n\t\t\t\t\t\t<div class=\"elementor-container elementor-column-gap-default\">\n\t\t\t\t\t\t\t<div class=\"elementor-row\">\n\t\t\t\t\t<div class=\"elementor-column elementor-col-100 elementor-top-column elementor-element elementor-element-cd62a76\" data-id=\"cd62a76\" data-element_type=\"column\">\n\t\t\t<div class=\"elementor-column-wrap elementor-element-populated\">\n\t\t\t\t\t\t\t<div class=\"elementor-widget-wrap\">\n\t\t\t\t\t\t<div class=\"elementor-element elementor-element-106c7e1 elementor-widget elementor-widget-spacer\" data-id=\"106c7e1\" data-element_type=\"widget\" data-widget_type=\"spacer.default\">\n\t\t\t\t<div class=\"elementor-widget-container\">\n\t\t\t\t\t<div class=\"elementor-spacer\">\n\t\t\t<div class=\"elementor-spacer-inner\"><\/div>\n\t\t<\/div>\n\t\t\t\t<\/div>\n\t\t\t\t<\/div>\n\t\t\t\t<div class=\"elementor-element elementor-element-aab8073 elementor-widget elementor-widget-heading\" data-id=\"aab8073\" data-element_type=\"widget\" data-widget_type=\"heading.default\">\n\t\t\t\t<div class=\"elementor-widget-container\">\n\t\t\t<h2 class=\"elementor-heading-title elementor-size-default\">Une application Web gratuite<\/h2>\t\t<\/div>\n\t\t\t\t<\/div>\n\t\t\t\t\t\t<\/div>\n\t\t\t\t\t<\/div>\n\t\t<\/div>\n\t\t\t\t\t\t\t\t<\/div>\n\t\t\t\t\t<\/div>\n\t\t<\/section>\n\t\t\t\t<section class=\"elementor-section elementor-top-section elementor-element elementor-element-1d37ef7 elementor-section-boxed elementor-section-height-default elementor-section-height-default\" data-id=\"1d37ef7\" data-element_type=\"section\">\n\t\t\t\t\t\t<div class=\"elementor-container elementor-column-gap-default\">\n\t\t\t\t\t\t\t<div class=\"elementor-row\">\n\t\t\t\t\t<div class=\"elementor-column elementor-col-100 elementor-top-column elementor-element elementor-element-8ca7d4a\" data-id=\"8ca7d4a\" data-element_type=\"column\">\n\t\t\t<div class=\"elementor-column-wrap elementor-element-populated\">\n\t\t\t\t\t\t\t<div class=\"elementor-widget-wrap\">\n\t\t\t\t\t\t<div class=\"elementor-element elementor-element-a71f0a3 elementor-widget elementor-widget-image\" data-id=\"a71f0a3\" data-element_type=\"widget\" data-widget_type=\"image.default\">\n\t\t\t\t<div class=\"elementor-widget-container\">\n\t\t\t\t\t\t\t\t<div class=\"elementor-image\">\n\t\t\t\t\t\t\t\t\t\t\t\t<img decoding=\"async\" width=\"800\" height=\"596\" src=\"https:\/\/fichierdesfideles.fr\/wp-content\/uploads\/2020\/10\/Image1.png\" class=\"attachment-large size-large wp-image-113\" alt=\"\" loading=\"lazy\" srcset=\"https:\/\/fichierdesfideles.fr\/wp-content\/uploads\/2020\/10\/Image1.png 800w, https:\/\/fichierdesfideles.fr\/wp-content\/uploads\/2020\/10\/Image1-300x224.png 300w, https:\/\/fichierdesfideles.fr\/wp-content\/uploads\/2020\/10\/Image1-768x572.png 768w\" sizes=\"(max-width: 800px) 100vw, 800px\" \/>\t\t\t\t\t\t\t\t\t\t\t\t\t\t<\/div>\n\t\t\t\t\t\t<\/div>\n\t\t\t\t<\/div>\n\t\t\t\t\t\t<\/div>\n\t\t\t\t\t<\/div>\n\t\t<\/div>\n\t\t\t\t\t\t\t\t<\/div>\n\t\t\t\t\t<\/div>\n\t\t<\/section>\n\t\t\t\t<section class=\"elementor-section elementor-top-section elementor-element elementor-element-eb300bd elementor-section-boxed elementor-section-height-default elementor-section-height-default\" data-id=\"eb300bd\" data-element_type=\"section\">\n\t\t\t\t\t\t<div class=\"elementor-container elementor-column-gap-default\">\n\t\t\t\t\t\t\t<div class=\"elementor-row\">\n\t\t\t\t\t<div class=\"elementor-column elementor-col-100 elementor-top-column elementor-element elementor-element-5fdcb0a\" data-id=\"5fdcb0a\" data-element_type=\"column\">\n\t\t\t<div class=\"elementor-column-wrap elementor-element-populated\">\n\t\t\t\t\t\t\t<div class=\"elementor-widget-wrap\">\n\t\t\t\t\t\t<div class=\"elementor-element elementor-element-44d6ed1 elementor-widget elementor-widget-heading\" data-id=\"44d6ed1\" data-element_type=\"widget\" data-widget_type=\"heading.default\">\n\t\t\t\t<div class=\"elementor-widget-container\">\n\t\t\t<h2 class=\"elementor-heading-title elementor-size-default\">Le FiFi est un logiciel libre<\/h2>\t\t<\/div>\n\t\t\t\t<\/div>\n\t\t\t\t\t\t<\/div>\n\t\t\t\t\t<\/div>\n\t\t<\/div>\n\t\t\t\t\t\t\t\t<\/div>\n\t\t\t\t\t<\/div>\n\t\t<\/section>\n\t\t\t\t<section class=\"elementor-section elementor-top-section elementor-element elementor-element-3fda85a elementor-section-boxed elementor-section-height-default elementor-section-height-default\" data-id=\"3fda85a\" data-element_type=\"section\">\n\t\t\t\t\t\t<div class=\"elementor-container elementor-column-gap-default\">\n\t\t\t\t\t\t\t<div class=\"elementor-row\">\n\t\t\t\t\t<div class=\"elementor-column elementor-col-100 elementor-top-column elementor-element elementor-element-6f52009\" data-id=\"6f52009\" data-element_type=\"column\">\n\t\t\t<div class=\"elementor-column-wrap elementor-element-populated\">\n\t\t\t\t\t\t\t<div class=\"elementor-widget-wrap\">\n\t\t\t\t\t\t<div class=\"elementor-element elementor-element-808a29b elementor-widget elementor-widget-text-editor\" data-id=\"808a29b\" data-element_type=\"widget\" data-widget_type=\"text-editor.default\">\n\t\t\t\t<div class=\"elementor-widget-container\">\n\t\t\t\t\t\t\t\t<div class=\"elementor-text-editor elementor-clearfix\">\n\t\t\t\t<p>Le Fichier-des-Fid\u00e8les a \u00e9t\u00e9 initialement d\u00e9velopp\u00e9 par quelques paroissiens de Verri\u00e8res le Buisson (91), \u00e0 la demande de son cur\u00e9 qui regrettait de pas pouvoir communiquer comme il le souhaitait, avec ses paroissiens.<\/p><p>Aujourd&rsquo;hui, le produit est stabilis\u00e9, et les d\u00e9veloppeurs ont la volont\u00e9 qu&rsquo;il puisse servir \u00e0 d&rsquo;autres paroisses.<\/p><p>Pour cela, ils distribuent le produit sous <a href=\"http:\/\/www.fsffrance.org\/gpl\/gpl-fr.fr.html\" target=\"_blank\" rel=\"noopener\">licence GPL<\/a>, afin que tout un chacun ait la possibilit\u00e9 de l&rsquo;utiliser, voire de commercialiser du service autour.<\/p><p>Ceci signifie que vous pouvez nous demander une copie du FiFi et l&rsquo;installer pour votre usage.<\/p><p>Vous pouvez \u00e9galement demander \u00e0 ce que l&rsquo;on vous l&rsquo;installe moyennant la simple couverture des frais.<\/p><p>Si vous \u00eates int\u00e9ress\u00e9s, prenez contact avec nous :<\/p>\t\t\t\t\t<\/div>\n\t\t\t\t\t\t<\/div>\n\t\t\t\t<\/div>\n\t\t\t\t\t\t<\/div>\n\t\t\t\t\t<\/div>\n\t\t<\/div>\n\t\t\t\t\t\t\t\t<\/div>\n\t\t\t\t\t<\/div>\n\t\t<\/section>\n\t\t\t\t<section class=\"elementor-section elementor-top-section elementor-element elementor-element-349aa87 elementor-section-boxed elementor-section-height-default elementor-section-height-default\" data-id=\"349aa87\" data-element_type=\"section\">\n\t\t\t\t\t\t<div class=\"elementor-container elementor-column-gap-default\">\n\t\t\t\t\t\t\t<div class=\"elementor-row\">\n\t\t\t\t\t<div class=\"elementor-column elementor-col-100 elementor-top-column elementor-element elementor-element-8ae96a5\" data-id=\"8ae96a5\" data-element_type=\"column\">\n\t\t\t<div class=\"elementor-column-wrap\">\n\t\t\t\t\t\t\t<div class=\"elementor-widget-wrap\">\n\t\t\t\t\t\t\t\t<\/div>\n\t\t\t\t\t<\/div>\n\t\t<\/div>\n\t\t\t\t\t\t\t\t<\/div>\n\t\t\t\t\t<\/div>\n\t\t<\/section>\n\t\t\t\t<section class=\"elementor-section elementor-top-section elementor-element elementor-element-29d87e0 elementor-section-boxed elementor-section-height-default elementor-section-height-default\" data-id=\"29d87e0\" data-element_type=\"section\">\n\t\t\t\t\t\t<div class=\"elementor-container elementor-column-gap-default\">\n\t\t\t\t\t\t\t<div class=\"elementor-row\">\n\t\t\t\t\t<div class=\"elementor-column elementor-col-100 elementor-top-column elementor-element elementor-element-3361932\" data-id=\"3361932\" data-element_type=\"column\">\n\t\t\t<div class=\"elementor-column-wrap elementor-element-populated\">\n\t\t\t\t\t\t\t<div class=\"elementor-widget-wrap\">\n\t\t\t\t\t\t<div class=\"elementor-element elementor-element-0b4e17e elementor-widget elementor-widget-spacer\" data-id=\"0b4e17e\" data-element_type=\"widget\" data-widget_type=\"spacer.default\">\n\t\t\t\t<div class=\"elementor-widget-container\">\n\t\t\t\t\t<div class=\"elementor-spacer\">\n\t\t\t<div class=\"elementor-spacer-inner\"><\/div>\n\t\t<\/div>\n\t\t\t\t<\/div>\n\t\t\t\t<\/div>\n\t\t\t\t\t\t<\/div>\n\t\t\t\t\t<\/div>\n\t\t<\/div>\n\t\t\t\t\t\t\t\t<\/div>\n\t\t\t\t\t<\/div>\n\t\t<\/section>\n\t\t\t\t\t\t\t\t\t<\/div>\n\t\t\t<\/div>\n\t\t\t\t\t<\/div>\n\t\t","protected":false},"excerpt":{"rendered":"<p>Une application Web gratuite Le FiFi est un logiciel libre Le Fichier-des-Fid\u00e8les a \u00e9t\u00e9 initialement d\u00e9velopp\u00e9 par quelques paroissiens de Verri\u00e8res le Buisson (91), \u00e0 la demande de son cur\u00e9 qui regrettait de pas pouvoir communiquer comme il le souhaitait, avec ses paroissiens. Aujourd&rsquo;hui, le produit est stabilis\u00e9, et les d\u00e9veloppeurs ont la volont\u00e9 qu&rsquo;il &hellip;<\/p>\n<p class=\"read-more\"> <a class=\"\" href=\"https:\/\/fichierdesfideles.fr\/index.php\/une-application-gratuite\/\"> <span class=\"screen-reader-text\">Une application gratuite<\/span> Lire la suite\u00a0\u00bb<\/a><\/p>\n","protected":false},"author":1,"featured_media":0,"parent":0,"menu_order":0,"comment_status":"closed","ping_status":"closed","template":"","meta":{"site-sidebar-layout":"no-sidebar","site-content-layout":"page-builder","ast-global-header-display":"","ast-banner-title-visibility":"","ast-main-header-display":"","ast-hfb-above-header-display":"","ast-hfb-below-header-display":"","ast-hfb-mobile-header-display":"","site-post-title":"disabled","ast-breadcrumbs-content":"","ast-featured-img":"disabled","footer-sml-layout":"","theme-transparent-header-meta":"default","adv-header-id-meta":"","stick-header-meta":"default","header-above-stick-meta":"","header-main-stick-meta":"","header-below-stick-meta":""},"_links":{"self":[{"href":"https:\/\/fichierdesfideles.fr\/index.php\/wp-json\/wp\/v2\/pages\/71"}],"collection":[{"href":"https:\/\/fichierdesfideles.fr\/index.php\/wp-json\/wp\/v2\/pages"}],"about":[{"href":"https:\/\/fichierdesfideles.fr\/index.php\/wp-json\/wp\/v2\/types\/page"}],"author":[{"embeddable":true,"href":"https:\/\/fichierdesfideles.fr\/index.php\/wp-json\/wp\/v2\/users\/1"}],"replies":[{"embeddable":true,"href":"https:\/\/fichierdesfideles.fr\/index.php\/wp-json\/wp\/v2\/comments?post=71"}],"version-history":[{"count":12,"href":"https:\/\/fichierdesfideles.fr\/index.php\/wp-json\/wp\/v2\/pages\/71\/revisions"}],"predecessor-version":[{"id":249,"href":"https:\/\/fichierdesfideles.fr\/index.php\/wp-json\/wp\/v2\/pages\/71\/revisions\/249"}],"wp:attachment":[{"href":"https:\/\/fichierdesfideles.fr\/index.php\/wp-json\/wp\/v2\/media?parent=71"}],"curies":[{"name":"wp","href":"https:\/\/api.w.org\/{rel}","templated":true}]}}