{"id":264,"date":"2021-10-01T10:58:29","date_gmt":"2021-10-01T08:58:29","guid":{"rendered":"http:\/\/fichierdesfideles.fr\/?page_id=264"},"modified":"2021-10-01T16:25:51","modified_gmt":"2021-10-01T14:25:51","slug":"presentation-simple","status":"publish","type":"page","link":"https:\/\/fichierdesfideles.fr\/index.php\/presentation-simple\/","title":{"rendered":"Presentation simple"},"content":{"rendered":"\t\t<div data-elementor-type=\"wp-page\" data-elementor-id=\"264\" class=\"elementor elementor-264\">\n\t\t\t\t\t\t<div class=\"elementor-inner\">\n\t\t\t\t<div class=\"elementor-section-wrap\">\n\t\t\t\t\t\t\t\t\t<section class=\"elementor-section elementor-top-section elementor-element elementor-element-a081fa9 elementor-section-boxed elementor-section-height-default elementor-section-height-default\" data-id=\"a081fa9\" data-element_type=\"section\">\n\t\t\t\t\t\t<div class=\"elementor-container elementor-column-gap-default\">\n\t\t\t\t\t\t\t<div class=\"elementor-row\">\n\t\t\t\t\t<div class=\"elementor-column elementor-col-100 elementor-top-column elementor-element elementor-element-96f1317\" data-id=\"96f1317\" data-element_type=\"column\">\n\t\t\t<div class=\"elementor-column-wrap elementor-element-populated\">\n\t\t\t\t\t\t\t<div class=\"elementor-widget-wrap\">\n\t\t\t\t\t\t<div class=\"elementor-element elementor-element-856a4a8 elementor-widget elementor-widget-spacer\" data-id=\"856a4a8\" data-element_type=\"widget\" data-widget_type=\"spacer.default\">\n\t\t\t\t<div class=\"elementor-widget-container\">\n\t\t\t\t\t<div class=\"elementor-spacer\">\n\t\t\t<div class=\"elementor-spacer-inner\"><\/div>\n\t\t<\/div>\n\t\t\t\t<\/div>\n\t\t\t\t<\/div>\n\t\t\t\t\t\t<\/div>\n\t\t\t\t\t<\/div>\n\t\t<\/div>\n\t\t\t\t\t\t\t\t<\/div>\n\t\t\t\t\t<\/div>\n\t\t<\/section>\n\t\t\t\t<section class=\"elementor-section elementor-top-section elementor-element elementor-element-00a4b13 elementor-section-boxed elementor-section-height-default elementor-section-height-default\" data-id=\"00a4b13\" data-element_type=\"section\">\n\t\t\t\t\t\t<div class=\"elementor-container elementor-column-gap-default\">\n\t\t\t\t\t\t\t<div class=\"elementor-row\">\n\t\t\t\t\t<div class=\"elementor-column elementor-col-100 elementor-top-column elementor-element elementor-element-272e6a9\" data-id=\"272e6a9\" data-element_type=\"column\">\n\t\t\t<div class=\"elementor-column-wrap elementor-element-populated\">\n\t\t\t\t\t\t\t<div class=\"elementor-widget-wrap\">\n\t\t\t\t\t\t<div class=\"elementor-element elementor-element-3ac0d8f elementor-widget elementor-widget-heading\" data-id=\"3ac0d8f\" data-element_type=\"widget\" data-widget_type=\"heading.default\">\n\t\t\t\t<div class=\"elementor-widget-container\">\n\t\t\t<h2 class=\"elementor-heading-title elementor-size-default\">Comment expliquer simplement le FiFi aux paroissiens ?<\/h2>\t\t<\/div>\n\t\t\t\t<\/div>\n\t\t\t\t\t\t<\/div>\n\t\t\t\t\t<\/div>\n\t\t<\/div>\n\t\t\t\t\t\t\t\t<\/div>\n\t\t\t\t\t<\/div>\n\t\t<\/section>\n\t\t\t\t<section class=\"elementor-section elementor-top-section elementor-element elementor-element-0df9c08 elementor-section-boxed elementor-section-height-default elementor-section-height-default\" data-id=\"0df9c08\" data-element_type=\"section\">\n\t\t\t\t\t\t<div class=\"elementor-container elementor-column-gap-default\">\n\t\t\t\t\t\t\t<div class=\"elementor-row\">\n\t\t\t\t\t<div class=\"elementor-column elementor-col-100 elementor-top-column elementor-element elementor-element-1ad90aa\" data-id=\"1ad90aa\" data-element_type=\"column\">\n\t\t\t<div class=\"elementor-column-wrap elementor-element-populated\">\n\t\t\t\t\t\t\t<div class=\"elementor-widget-wrap\">\n\t\t\t\t\t\t<div class=\"elementor-element elementor-element-5766b58 elementor-widget elementor-widget-image\" data-id=\"5766b58\" data-element_type=\"widget\" data-widget_type=\"image.default\">\n\t\t\t\t<div class=\"elementor-widget-container\">\n\t\t\t\t\t\t\t\t<div class=\"elementor-image\">\n\t\t\t\t\t\t\t\t\t\t\t\t<img decoding=\"async\" width=\"768\" height=\"512\" src=\"https:\/\/fichierdesfideles.fr\/wp-content\/uploads\/2021\/10\/Image4-768x512.jpg\" class=\"attachment-medium_large size-medium_large wp-image-276\" alt=\"\" loading=\"lazy\" srcset=\"https:\/\/fichierdesfideles.fr\/wp-content\/uploads\/2021\/10\/Image4-768x512.jpg 768w, https:\/\/fichierdesfideles.fr\/wp-content\/uploads\/2021\/10\/Image4-300x200.jpg 300w, https:\/\/fichierdesfideles.fr\/wp-content\/uploads\/2021\/10\/Image4-1024x683.jpg 1024w, https:\/\/fichierdesfideles.fr\/wp-content\/uploads\/2021\/10\/Image4.jpg 1440w\" sizes=\"(max-width: 768px) 100vw, 768px\" \/>\t\t\t\t\t\t\t\t\t\t\t\t\t\t<\/div>\n\t\t\t\t\t\t<\/div>\n\t\t\t\t<\/div>\n\t\t\t\t\t\t<\/div>\n\t\t\t\t\t<\/div>\n\t\t<\/div>\n\t\t\t\t\t\t\t\t<\/div>\n\t\t\t\t\t<\/div>\n\t\t<\/section>\n\t\t\t\t<section class=\"elementor-section elementor-top-section elementor-element elementor-element-f85916a elementor-section-boxed elementor-section-height-default elementor-section-height-default\" data-id=\"f85916a\" data-element_type=\"section\">\n\t\t\t\t\t\t<div class=\"elementor-container elementor-column-gap-default\">\n\t\t\t\t\t\t\t<div class=\"elementor-row\">\n\t\t\t\t\t<div class=\"elementor-column elementor-col-100 elementor-top-column elementor-element elementor-element-c488317\" data-id=\"c488317\" data-element_type=\"column\">\n\t\t\t<div class=\"elementor-column-wrap elementor-element-populated\">\n\t\t\t\t\t\t\t<div class=\"elementor-widget-wrap\">\n\t\t\t\t\t\t<div class=\"elementor-element elementor-element-824f7d9 elementor-widget elementor-widget-spacer\" data-id=\"824f7d9\" data-element_type=\"widget\" data-widget_type=\"spacer.default\">\n\t\t\t\t<div class=\"elementor-widget-container\">\n\t\t\t\t\t<div class=\"elementor-spacer\">\n\t\t\t<div class=\"elementor-spacer-inner\"><\/div>\n\t\t<\/div>\n\t\t\t\t<\/div>\n\t\t\t\t<\/div>\n\t\t\t\t<div class=\"elementor-element elementor-element-0090b23 elementor-widget elementor-widget-text-editor\" data-id=\"0090b23\" data-element_type=\"widget\" data-widget_type=\"text-editor.default\">\n\t\t\t\t<div class=\"elementor-widget-container\">\n\t\t\t\t\t\t\t\t<div class=\"elementor-text-editor elementor-clearfix\">\n\t\t\t\t<p>Expliquer une application informatique est toujours compliqu\u00e9, surtout lorsqu&rsquo;on s&rsquo;adresse \u00e0 des personnes qui n&rsquo;ont pas trouv\u00e9 un ordinateur dans leur premi\u00e8re boite de couches-culottes.<\/p><p>Alors, laissez nous vous proposer un discours qui a l&rsquo;air de bien fonctionner<\/p>\t\t\t\t\t<\/div>\n\t\t\t\t\t\t<\/div>\n\t\t\t\t<\/div>\n\t\t\t\t\t\t<\/div>\n\t\t\t\t\t<\/div>\n\t\t<\/div>\n\t\t\t\t\t\t\t\t<\/div>\n\t\t\t\t\t<\/div>\n\t\t<\/section>\n\t\t\t\t<section class=\"elementor-section elementor-top-section elementor-element elementor-element-691aed4 elementor-section-boxed elementor-section-height-default elementor-section-height-default\" data-id=\"691aed4\" data-element_type=\"section\">\n\t\t\t\t\t\t<div class=\"elementor-container elementor-column-gap-default\">\n\t\t\t\t\t\t\t<div class=\"elementor-row\">\n\t\t\t\t\t<div class=\"elementor-column elementor-col-100 elementor-top-column elementor-element elementor-element-7f91ead\" data-id=\"7f91ead\" data-element_type=\"column\">\n\t\t\t<div class=\"elementor-column-wrap elementor-element-populated\">\n\t\t\t\t\t\t\t<div class=\"elementor-widget-wrap\">\n\t\t\t\t\t\t<section class=\"elementor-section elementor-inner-section elementor-element elementor-element-74fe847 elementor-section-boxed elementor-section-height-default elementor-section-height-default\" data-id=\"74fe847\" data-element_type=\"section\">\n\t\t\t\t\t\t<div class=\"elementor-container elementor-column-gap-default\">\n\t\t\t\t\t\t\t<div class=\"elementor-row\">\n\t\t\t\t\t<div class=\"elementor-column elementor-col-33 elementor-inner-column elementor-element elementor-element-9f59dea\" data-id=\"9f59dea\" data-element_type=\"column\">\n\t\t\t<div class=\"elementor-column-wrap\">\n\t\t\t\t\t\t\t<div class=\"elementor-widget-wrap\">\n\t\t\t\t\t\t\t\t<\/div>\n\t\t\t\t\t<\/div>\n\t\t<\/div>\n\t\t\t\t<div class=\"elementor-column elementor-col-33 elementor-inner-column elementor-element elementor-element-e7cd04b\" data-id=\"e7cd04b\" data-element_type=\"column\">\n\t\t\t<div class=\"elementor-column-wrap elementor-element-populated\">\n\t\t\t\t\t\t\t<div class=\"elementor-widget-wrap\">\n\t\t\t\t\t\t<div class=\"elementor-element elementor-element-f7861ce elementor-widget elementor-widget-text-editor\" data-id=\"f7861ce\" data-element_type=\"widget\" data-widget_type=\"text-editor.default\">\n\t\t\t\t<div class=\"elementor-widget-container\">\n\t\t\t\t\t\t\t\t<div class=\"elementor-text-editor elementor-clearfix\">\n\t\t\t\t<p>Pour \u00e9viter que chacun soit inond\u00e9 de messages pour toutes les activit\u00e9s de la paroisse, nous avons adopt\u00e9 le \u00ab Fichier des Fid\u00e8les \u00bb qui est une application accessible par Internet.<\/p><p>Le principe de cette application est que chaque famille s\u2019y inscrit une seule fois,\u00a0 puis coche les activit\u00e9s qui l\u2019int\u00e9ressent.<\/p><p>Ainsi, conform\u00e9ment \u00e0 la loi sur la protection des donn\u00e9es personnelles :<br \/>&#8211; Vos donn\u00e9es priv\u00e9es seront stock\u00e9es dans un lieu unique et bien prot\u00e9g\u00e9,<br \/>&#8211; Vous ne recevrez par email ou par SMS, que les informations qui vous int\u00e9ressent.<\/p><div>La proc\u00e9dure et simple :<\/div><div>1) connectez vous sur le site xxxxxxxxxxxx.xxx<\/div><div>2) Cr\u00e9ez, si ce n\u2019est pas encore fait, votre compte familial,<\/div><p>3) Cochez les activit\u00e9s qui vous attirent<\/p><p>Nous vous tiendrons r\u00e9guli\u00e8rement inform\u00e9s de la vie de toutes ces belles activit\u00e9s.<\/p><p>Si vous avez des difficult\u00e9s pour vous inscrire, envoyez un email \u00e0\u00a0 xxxxxxxx@xxxxx.xxx avec votre num\u00e9ro de t\u00e9l\u00e9phone ; quelqu&rsquo;un vous contactera pour vous aider. <\/p>\t\t\t\t\t<\/div>\n\t\t\t\t\t\t<\/div>\n\t\t\t\t<\/div>\n\t\t\t\t\t\t<\/div>\n\t\t\t\t\t<\/div>\n\t\t<\/div>\n\t\t\t\t<div class=\"elementor-column elementor-col-33 elementor-inner-column elementor-element elementor-element-8b3bfe8\" data-id=\"8b3bfe8\" data-element_type=\"column\">\n\t\t\t<div class=\"elementor-column-wrap\">\n\t\t\t\t\t\t\t<div class=\"elementor-widget-wrap\">\n\t\t\t\t\t\t\t\t<\/div>\n\t\t\t\t\t<\/div>\n\t\t<\/div>\n\t\t\t\t\t\t\t\t<\/div>\n\t\t\t\t\t<\/div>\n\t\t<\/section>\n\t\t\t\t\t\t<\/div>\n\t\t\t\t\t<\/div>\n\t\t<\/div>\n\t\t\t\t\t\t\t\t<\/div>\n\t\t\t\t\t<\/div>\n\t\t<\/section>\n\t\t\t\t\t\t\t\t\t<\/div>\n\t\t\t<\/div>\n\t\t\t\t\t<\/div>\n\t\t","protected":false},"excerpt":{"rendered":"<p>Comment expliquer simplement le FiFi aux paroissiens ? Expliquer une application informatique est toujours compliqu\u00e9, surtout lorsqu&rsquo;on s&rsquo;adresse \u00e0 des personnes qui n&rsquo;ont pas trouv\u00e9 un ordinateur dans leur premi\u00e8re boite de couches-culottes. Alors, laissez nous vous proposer un discours qui a l&rsquo;air de bien fonctionner Pour \u00e9viter que chacun soit inond\u00e9 de messages pour &hellip;<\/p>\n<p class=\"read-more\"> <a class=\"\" href=\"https:\/\/fichierdesfideles.fr\/index.php\/presentation-simple\/\"> <span class=\"screen-reader-text\">Presentation simple<\/span> Lire la suite\u00a0\u00bb<\/a><\/p>\n","protected":false},"author":1,"featured_media":0,"parent":0,"menu_order":0,"comment_status":"closed","ping_status":"closed","template":"","meta":{"site-sidebar-layout":"no-sidebar","site-content-layout":"page-builder","ast-global-header-display":"","ast-banner-title-visibility":"","ast-main-header-display":"","ast-hfb-above-header-display":"","ast-hfb-below-header-display":"","ast-hfb-mobile-header-display":"","site-post-title":"disabled","ast-breadcrumbs-content":"","ast-featured-img":"disabled","footer-sml-layout":"","theme-transparent-header-meta":"default","adv-header-id-meta":"","stick-header-meta":"default","header-above-stick-meta":"","header-main-stick-meta":"","header-below-stick-meta":""},"_links":{"self":[{"href":"https:\/\/fichierdesfideles.fr\/index.php\/wp-json\/wp\/v2\/pages\/264"}],"collection":[{"href":"https:\/\/fichierdesfideles.fr\/index.php\/wp-json\/wp\/v2\/pages"}],"about":[{"href":"https:\/\/fichierdesfideles.fr\/index.php\/wp-json\/wp\/v2\/types\/page"}],"author":[{"embeddable":true,"href":"https:\/\/fichierdesfideles.fr\/index.php\/wp-json\/wp\/v2\/users\/1"}],"replies":[{"embeddable":true,"href":"https:\/\/fichierdesfideles.fr\/index.php\/wp-json\/wp\/v2\/comments?post=264"}],"version-history":[{"count":14,"href":"https:\/\/fichierdesfideles.fr\/index.php\/wp-json\/wp\/v2\/pages\/264\/revisions"}],"predecessor-version":[{"id":286,"href":"https:\/\/fichierdesfideles.fr\/index.php\/wp-json\/wp\/v2\/pages\/264\/revisions\/286"}],"wp:attachment":[{"href":"https:\/\/fichierdesfideles.fr\/index.php\/wp-json\/wp\/v2\/media?parent=264"}],"curies":[{"name":"wp","href":"https:\/\/api.w.org\/{rel}","templated":true}]}}